{"id":27,"date":"2024-12-11T10:42:38","date_gmt":"2024-12-11T09:42:38","guid":{"rendered":"http:\/\/lindentuning.ddns.net\/?page_id=27"},"modified":"2024-12-11T10:42:38","modified_gmt":"2024-12-11T09:42:38","slug":"stanga-av-ljusovervakning","status":"publish","type":"page","link":"http:\/\/lindentuning.ddns.net\/?page_id=27","title":{"rendered":"St\u00e4nga av ljus\u00f6vervakning"},"content":{"rendered":"\n<p>Har du satt in LED-lampor i din Saab 9-3?<br>Blinkar dessa lampor?<br>Det beror p\u00e5 att din bil skickar snabba pulser av str\u00f6m f\u00f6r att kontrollera om lamporna \u00e4r hela.<br>Med \u00e4ldre lampor hinner dessa inte t\u00e4ndas, men med moderna LED-lampor s\u00e5 blinkar de.<br><br>Vi kan l\u00f6sa det genom att inaktivera denna kontroll p\u00e5 enstaka positioner eller samtliga.<br><br>Det g\u00e5r att g\u00f6ra p\u00e5 ng9-3 (2003-2014)<br>Vi kopplar upp oss enkelt med en dator och st\u00e4ller in enligt dina \u00f6nskem\u00e5l.<br><br>Tj\u00e4nsten kostar 500:-<\/p>\n","protected":false},"excerpt":{"rendered":"<p>Har du satt in LED-lampor i din Saab 9-3?Blinkar dessa lampor?Det beror p\u00e5 att din bil skickar snabba pulser av str\u00f6m f\u00f6r att kontrollera om lamporna \u00e4r hela.Med \u00e4ldre lampor hinner dessa inte t\u00e4ndas, men med moderna LED-lampor s\u00e5 blinkar de. Vi kan l\u00f6sa det genom att inaktivera denna kontroll p\u00e5 enstaka positioner eller samtliga. [&hellip;]<\/p>\n","protected":false},"author":1,"featured_media":0,"parent":0,"menu_order":0,"comment_status":"closed","ping_status":"closed","template":"","meta":{"footnotes":""},"class_list":["post-27","page","type-page","status-publish","hentry"],"_links":{"self":[{"href":"http:\/\/lindentuning.ddns.net\/index.php?rest_route=\/wp\/v2\/pages\/27","targetHints":{"allow":["GET"]}}],"collection":[{"href":"http:\/\/lindentuning.ddns.net\/index.php?rest_route=\/wp\/v2\/pages"}],"about":[{"href":"http:\/\/lindentuning.ddns.net\/index.php?rest_route=\/wp\/v2\/types\/page"}],"author":[{"embeddable":true,"href":"http:\/\/lindentuning.ddns.net\/index.php?rest_route=\/wp\/v2\/users\/1"}],"replies":[{"embeddable":true,"href":"http:\/\/lindentuning.ddns.net\/index.php?rest_route=%2Fwp%2Fv2%2Fcomments&post=27"}],"version-history":[{"count":1,"href":"http:\/\/lindentuning.ddns.net\/index.php?rest_route=\/wp\/v2\/pages\/27\/revisions"}],"predecessor-version":[{"id":29,"href":"http:\/\/lindentuning.ddns.net\/index.php?rest_route=\/wp\/v2\/pages\/27\/revisions\/29"}],"wp:attachment":[{"href":"http:\/\/lindentuning.ddns.net\/index.php?rest_route=%2Fwp%2Fv2%2Fmedia&parent=27"}],"curies":[{"name":"wp","href":"https:\/\/api.w.org\/{rel}","templated":true}]}}